{"id":55,"date":"2024-02-17T16:36:03","date_gmt":"2024-02-17T15:36:03","guid":{"rendered":"http:\/\/amap.castorsbios.fr\/?page_id=55"},"modified":"2024-05-20T18:38:16","modified_gmt":"2024-05-20T16:38:16","slug":"amap","status":"publish","type":"page","link":"https:\/\/amap.castorsbios.fr\/index.php\/amap\/","title":{"rendered":"Amap"},"content":{"rendered":"\n<p>Le principe consiste \u00e0 s&rsquo;abonner pendant une saison \u00e0 une production agricole (mara\u00eech\u00e8re, arboricole ect) pens\u00e9e comme un partage de r\u00e9colte ou artisanale (pain, caf\u00e9). Cela permet d&rsquo;assurer une garantie de revenu aux agriculteurs ou producteurs et un meilleur rapport qualit\u00e9\/prix pour les adh\u00e9rents.<\/p>\n\n\n\n<p>Pour cela, l&rsquo;adh\u00e9rent signe un contrat avec le producteur concern\u00e9 et s&rsquo;engage pour une saison compl\u00e8te.<\/p>\n\n\n\n<figure class=\"wp-block-image size-large\"><img loading=\"lazy\" decoding=\"async\" width=\"1024\" height=\"576\" src=\"https:\/\/amap.castorsbios.fr\/wp-content\/uploads\/2024\/02\/20240202_171708-1024x576.jpg\" alt=\"\" class=\"wp-image-53\" srcset=\"https:\/\/amap.castorsbios.fr\/wp-content\/uploads\/2024\/02\/20240202_171708-1024x576.jpg 1024w, https:\/\/amap.castorsbios.fr\/wp-content\/uploads\/2024\/02\/20240202_171708-300x169.jpg 300w, https:\/\/amap.castorsbios.fr\/wp-content\/uploads\/2024\/02\/20240202_171708-768x432.jpg 768w, https:\/\/amap.castorsbios.fr\/wp-content\/uploads\/2024\/02\/20240202_171708-1536x864.jpg 1536w, https:\/\/amap.castorsbios.fr\/wp-content\/uploads\/2024\/02\/20240202_171708-2048x1153.jpg 2048w\" sizes=\"auto, (max-width: 1024px) 100vw, 1024px\" \/><\/figure>\n\n\n\n<p>Nous proposons actuellement 3 contrats Amap :<\/p>\n\n\n\n<ul class=\"wp-block-list\">\n<li><a href=\"https:\/\/amap.castorsbios.fr\/?page_id=161\">Contrat l\u00e9gumes et \u0153ufs<\/a><\/li>\n\n\n\n<li><a href=\"https:\/\/amap.castorsbios.fr\/wp-content\/uploads\/2023\/10\/VBM_Contrat-fruits-23-24.docx\">Contrat fruits<\/a><\/li>\n\n\n\n<li><a href=\"https:\/\/amap.castorsbios.fr\/wp-content\/uploads\/2023\/10\/contrat-champignons.odt\">Contrat champignons<\/a><\/li>\n<\/ul>\n","protected":false},"excerpt":{"rendered":"<p>Le principe consiste \u00e0 s&rsquo;abonner pendant une saison \u00e0 une production agricole (mara\u00eech\u00e8re, arboricole ect) pens\u00e9e comme un partage de r\u00e9colte ou artisanale (pain, caf\u00e9). Cela permet d&rsquo;assurer une garantie de revenu aux agriculteurs ou producteurs et un meilleur rapport qualit\u00e9\/prix pour les adh\u00e9rents. Pour cela, l&rsquo;adh\u00e9rent signe un contrat avec le producteur concern\u00e9 et [&hellip;]<\/p>\n","protected":false},"author":4,"featured_media":0,"parent":0,"menu_order":0,"comment_status":"closed","ping_status":"closed","template":"","meta":{"footnotes":""},"class_list":["post-55","page","type-page","status-publish","hentry"],"_links":{"self":[{"href":"https:\/\/amap.castorsbios.fr\/index.php\/wp-json\/wp\/v2\/pages\/55","targetHints":{"allow":["GET"]}}],"collection":[{"href":"https:\/\/amap.castorsbios.fr\/index.php\/wp-json\/wp\/v2\/pages"}],"about":[{"href":"https:\/\/amap.castorsbios.fr\/index.php\/wp-json\/wp\/v2\/types\/page"}],"author":[{"embeddable":true,"href":"https:\/\/amap.castorsbios.fr\/index.php\/wp-json\/wp\/v2\/users\/4"}],"replies":[{"embeddable":true,"href":"https:\/\/amap.castorsbios.fr\/index.php\/wp-json\/wp\/v2\/comments?post=55"}],"version-history":[{"count":3,"href":"https:\/\/amap.castorsbios.fr\/index.php\/wp-json\/wp\/v2\/pages\/55\/revisions"}],"predecessor-version":[{"id":166,"href":"https:\/\/amap.castorsbios.fr\/index.php\/wp-json\/wp\/v2\/pages\/55\/revisions\/166"}],"wp:attachment":[{"href":"https:\/\/amap.castorsbios.fr\/index.php\/wp-json\/wp\/v2\/media?parent=55"}],"curies":[{"name":"wp","href":"https:\/\/api.w.org\/{rel}","templated":true}]}}